{"id":367,"date":"2025-04-24T11:40:52","date_gmt":"2025-04-24T11:40:52","guid":{"rendered":"https:\/\/grupp02.kreativ-kod.se\/?page_id=367"},"modified":"2025-04-30T08:05:50","modified_gmt":"2025-04-30T08:05:50","slug":"om-le-festin-cateringforetag-stockholm","status":"publish","type":"page","link":"https:\/\/person22.kreativ-kod.se\/index.php\/om-le-festin-cateringforetag-stockholm\/","title":{"rendered":"Om oss"},"content":{"rendered":"\n<div class=\"wp-block-group alignfull has-foreground-background-color has-background has-global-padding is-layout-constrained wp-container-core-group-is-layout-c573a0a5 wp-block-group-is-layout-constrained\" style=\"margin-top:0;margin-bottom:0;padding-top:var(--wp--preset--spacing--small);padding-bottom:var(--wp--preset--spacing--small)\">\n<div class=\"wp-block-columns is-layout-flex wp-container-core-columns-is-layout-7db7aa3e wp-block-columns-is-layout-flex\" style=\"padding-right:0;padding-left:0\">\n<div class=\"wp-block-column is-vertically-aligned-center is-layout-flow wp-block-column-is-layout-flow\">\n<p class=\"has-white-color has-text-color has-link-color wp-elements-2e3a859360f6cfff79720c17a9c0fb6d\"><strong>Vi \u00e4r Le Festin \u2013 ett cateringf\u00f6retag i Stockholm med passion f\u00f6r smak och k\u00e4nsla f\u00f6r det lilla extra.<\/strong><br>Vi skapar menyer f\u00f6r exklusiva event, med noggrant utvalda r\u00e5varor och stilren presentation.<br>Oavsett om det g\u00e4ller br\u00f6llop, f\u00f6retagsfester eller galamiddagar, ser vi till att maten matchar k\u00e4nslan och g\u00f6r upplevelsen of\u00f6rgl\u00f6mlig.<br>Med flexibilitet, kvalitet och personlig service skapar vi catering som verkligen g\u00f6r skillnad.<\/p>\n\n\n\n<p class=\"has-white-color has-text-color has-link-color wp-elements-c645e628e62f8fbab9d9726851472d16\"><\/p>\n\n\n\n<div class=\"wp-block-buttons is-horizontal is-content-justification-left is-layout-flex wp-container-core-buttons-is-layout-20be11b6 wp-block-buttons-is-layout-flex\"><\/div>\n\n\n\n<p><\/p>\n<\/div>\n\n\n\n<div class=\"wp-block-column is-layout-flow wp-block-column-is-layout-flow\">\n<figure class=\"wp-block-image size-large\"><img loading=\"lazy\" decoding=\"async\" width=\"1024\" height=\"682\" src=\"https:\/\/person22.kreativ-kod.se\/wp-content\/uploads\/2025\/04\/restaurant-2623071_1280-2-1024x682.jpg\" alt=\"\" class=\"wp-image-477\" srcset=\"https:\/\/person22.kreativ-kod.se\/wp-content\/uploads\/2025\/04\/restaurant-2623071_1280-2-1024x682.jpg 1024w, https:\/\/person22.kreativ-kod.se\/wp-content\/uploads\/2025\/04\/restaurant-2623071_1280-2-300x200.jpg 300w, https:\/\/person22.kreativ-kod.se\/wp-content\/uploads\/2025\/04\/restaurant-2623071_1280-2.jpg 1280w\" sizes=\"auto, (max-width: 1024px) 100vw, 1024px\" \/><\/figure>\n<\/div>\n<\/div>\n<\/div>\n","protected":false},"excerpt":{"rendered":"<p>Vi \u00e4r Le Festin \u2013 ett cateringf\u00f6retag i Stockholm med passion f\u00f6r smak och k\u00e4nsla f\u00f6r det lilla extra.Vi skapar menyer f\u00f6r exklusiva event, med noggrant utvalda r\u00e5varor och stilren presentation.Oavsett om det g\u00e4ller br\u00f6llop, f\u00f6retagsfester eller galamiddagar, ser vi till att maten matchar k\u00e4nslan och g\u00f6r upplevelsen of\u00f6rgl\u00f6mlig.Med flexibilitet, kvalitet och personlig service skapar &hellip; <\/p>\n<p class=\"link-more\"><a href=\"https:\/\/person22.kreativ-kod.se\/index.php\/om-le-festin-cateringforetag-stockholm\/\" class=\"more-link\">L\u00e4s mer<span class=\"screen-reader-text\"> \u201dOm oss\u201d<\/span><\/a><\/p>\n","protected":false},"author":1,"featured_media":0,"parent":0,"menu_order":0,"comment_status":"closed","ping_status":"closed","template":"","meta":{"footnotes":""},"class_list":["post-367","page","type-page","status-publish","hentry"],"yoast_head":"<!-- This site is optimized with the Yoast SEO plugin v24.9 - https:\/\/yoast.com\/wordpress\/plugins\/seo\/ -->\n<title>Om oss - Le Festin - Catering<\/title>\n<meta name=\"description\" content=\"Le Festin \u00e4r ett cateringf\u00f6retag i Stockholm som skapar smakfulla upplevelser med noga utvalda r\u00e5varor, personlig service och exklusiv stil.\" \/>\n<meta name=\"robots\" content=\"noindex, follow, max-snippet:-1, max-image-preview:large, max-video-preview:-1\" \/>\n<meta property=\"og:locale\" content=\"sv_SE\" \/>\n<meta property=\"og:type\" content=\"article\" \/>\n<meta property=\"og:title\" content=\"Om oss - Le Festin - Catering\" \/>\n<meta property=\"og:description\" content=\"Le Festin \u00e4r ett cateringf\u00f6retag i Stockholm som skapar smakfulla upplevelser med noga utvalda r\u00e5varor, personlig service och exklusiv stil.\" \/>\n<meta property=\"og:url\" content=\"https:\/\/person22.kreativ-kod.se\/index.php\/om-le-festin-cateringforetag-stockholm\/\" \/>\n<meta property=\"og:site_name\" content=\"Le Festin - Catering\" \/>\n<meta property=\"article:modified_time\" content=\"2025-04-30T08:05:50+00:00\" \/>\n<meta property=\"og:image\" content=\"https:\/\/person22.kreativ-kod.se\/wp-content\/uploads\/2025\/04\/restaurant-2623071_1280-2.jpg\" \/>\n\t<meta property=\"og:image:width\" content=\"1280\" \/>\n\t<meta property=\"og:image:height\" content=\"853\" \/>\n\t<meta property=\"og:image:type\" content=\"image\/jpeg\" \/>\n<meta name=\"twitter:card\" content=\"summary_large_image\" \/>\n<meta name=\"twitter:label1\" content=\"Ber\u00e4knad l\u00e4stid\" \/>\n\t<meta name=\"twitter:data1\" content=\"1 minut\" \/>\n<script type=\"application\/ld+json\" class=\"yoast-schema-graph\">{\"@context\":\"https:\/\/schema.org\",\"@graph\":[{\"@type\":\"WebPage\",\"@id\":\"https:\/\/person22.kreativ-kod.se\/index.php\/om-le-festin-cateringforetag-stockholm\/\",\"url\":\"https:\/\/person22.kreativ-kod.se\/index.php\/om-le-festin-cateringforetag-stockholm\/\",\"name\":\"Om oss - Le Festin - Catering\",\"isPartOf\":{\"@id\":\"https:\/\/person22.kreativ-kod.se\/#website\"},\"primaryImageOfPage\":{\"@id\":\"https:\/\/person22.kreativ-kod.se\/index.php\/om-le-festin-cateringforetag-stockholm\/#primaryimage\"},\"image\":{\"@id\":\"https:\/\/person22.kreativ-kod.se\/index.php\/om-le-festin-cateringforetag-stockholm\/#primaryimage\"},\"thumbnailUrl\":\"https:\/\/person22.kreativ-kod.se\/wp-content\/uploads\/2025\/04\/restaurant-2623071_1280-2-1024x682.jpg\",\"datePublished\":\"2025-04-24T11:40:52+00:00\",\"dateModified\":\"2025-04-30T08:05:50+00:00\",\"description\":\"Le Festin \u00e4r ett cateringf\u00f6retag i Stockholm som skapar smakfulla upplevelser med noga utvalda r\u00e5varor, personlig service och exklusiv stil.\",\"breadcrumb\":{\"@id\":\"https:\/\/person22.kreativ-kod.se\/index.php\/om-le-festin-cateringforetag-stockholm\/#breadcrumb\"},\"inLanguage\":\"sv-SE\",\"potentialAction\":[{\"@type\":\"ReadAction\",\"target\":[\"https:\/\/person22.kreativ-kod.se\/index.php\/om-le-festin-cateringforetag-stockholm\/\"]}]},{\"@type\":\"ImageObject\",\"inLanguage\":\"sv-SE\",\"@id\":\"https:\/\/person22.kreativ-kod.se\/index.php\/om-le-festin-cateringforetag-stockholm\/#primaryimage\",\"url\":\"https:\/\/person22.kreativ-kod.se\/wp-content\/uploads\/2025\/04\/restaurant-2623071_1280-2.jpg\",\"contentUrl\":\"https:\/\/person22.kreativ-kod.se\/wp-content\/uploads\/2025\/04\/restaurant-2623071_1280-2.jpg\",\"width\":1280,\"height\":853},{\"@type\":\"BreadcrumbList\",\"@id\":\"https:\/\/person22.kreativ-kod.se\/index.php\/om-le-festin-cateringforetag-stockholm\/#breadcrumb\",\"itemListElement\":[{\"@type\":\"ListItem\",\"position\":1,\"name\":\"Hem\",\"item\":\"https:\/\/person22.kreativ-kod.se\/\"},{\"@type\":\"ListItem\",\"position\":2,\"name\":\"Om oss\"}]},{\"@type\":\"WebSite\",\"@id\":\"https:\/\/person22.kreativ-kod.se\/#website\",\"url\":\"https:\/\/person22.kreativ-kod.se\/\",\"name\":\"Le Festin - Catering\",\"description\":\"Vi levererar catering i Stockholm till ditt event!\",\"publisher\":{\"@id\":\"https:\/\/person22.kreativ-kod.se\/#organization\"},\"potentialAction\":[{\"@type\":\"SearchAction\",\"target\":{\"@type\":\"EntryPoint\",\"urlTemplate\":\"https:\/\/person22.kreativ-kod.se\/?s={search_term_string}\"},\"query-input\":{\"@type\":\"PropertyValueSpecification\",\"valueRequired\":true,\"valueName\":\"search_term_string\"}}],\"inLanguage\":\"sv-SE\"},{\"@type\":\"Organization\",\"@id\":\"https:\/\/person22.kreativ-kod.se\/#organization\",\"name\":\"Le Festin - Catering\",\"url\":\"https:\/\/person22.kreativ-kod.se\/\",\"logo\":{\"@type\":\"ImageObject\",\"inLanguage\":\"sv-SE\",\"@id\":\"https:\/\/person22.kreativ-kod.se\/#\/schema\/logo\/image\/\",\"url\":\"https:\/\/person22.kreativ-kod.se\/wp-content\/uploads\/2025\/04\/cropped-LE-FESTIN-LOGO-360px.png\",\"contentUrl\":\"https:\/\/person22.kreativ-kod.se\/wp-content\/uploads\/2025\/04\/cropped-LE-FESTIN-LOGO-360px.png\",\"width\":360,\"height\":90,\"caption\":\"Le Festin - Catering\"},\"image\":{\"@id\":\"https:\/\/person22.kreativ-kod.se\/#\/schema\/logo\/image\/\"}}]}<\/script>\n<!-- \/ Yoast SEO plugin. -->","yoast_head_json":{"title":"Om oss - Le Festin - Catering","description":"Le Festin \u00e4r ett cateringf\u00f6retag i Stockholm som skapar smakfulla upplevelser med noga utvalda r\u00e5varor, personlig service och exklusiv stil.","robots":{"index":"noindex","follow":"follow","max-snippet":"max-snippet:-1","max-image-preview":"max-image-preview:large","max-video-preview":"max-video-preview:-1"},"og_locale":"sv_SE","og_type":"article","og_title":"Om oss - Le Festin - Catering","og_description":"Le Festin \u00e4r ett cateringf\u00f6retag i Stockholm som skapar smakfulla upplevelser med noga utvalda r\u00e5varor, personlig service och exklusiv stil.","og_url":"https:\/\/person22.kreativ-kod.se\/index.php\/om-le-festin-cateringforetag-stockholm\/","og_site_name":"Le Festin - Catering","article_modified_time":"2025-04-30T08:05:50+00:00","og_image":[{"width":1280,"height":853,"url":"https:\/\/person22.kreativ-kod.se\/wp-content\/uploads\/2025\/04\/restaurant-2623071_1280-2.jpg","type":"image\/jpeg"}],"twitter_card":"summary_large_image","twitter_misc":{"Ber\u00e4knad l\u00e4stid":"1 minut"},"schema":{"@context":"https:\/\/schema.org","@graph":[{"@type":"WebPage","@id":"https:\/\/person22.kreativ-kod.se\/index.php\/om-le-festin-cateringforetag-stockholm\/","url":"https:\/\/person22.kreativ-kod.se\/index.php\/om-le-festin-cateringforetag-stockholm\/","name":"Om oss - Le Festin - Catering","isPartOf":{"@id":"https:\/\/person22.kreativ-kod.se\/#website"},"primaryImageOfPage":{"@id":"https:\/\/person22.kreativ-kod.se\/index.php\/om-le-festin-cateringforetag-stockholm\/#primaryimage"},"image":{"@id":"https:\/\/person22.kreativ-kod.se\/index.php\/om-le-festin-cateringforetag-stockholm\/#primaryimage"},"thumbnailUrl":"https:\/\/person22.kreativ-kod.se\/wp-content\/uploads\/2025\/04\/restaurant-2623071_1280-2-1024x682.jpg","datePublished":"2025-04-24T11:40:52+00:00","dateModified":"2025-04-30T08:05:50+00:00","description":"Le Festin \u00e4r ett cateringf\u00f6retag i Stockholm som skapar smakfulla upplevelser med noga utvalda r\u00e5varor, personlig service och exklusiv stil.","breadcrumb":{"@id":"https:\/\/person22.kreativ-kod.se\/index.php\/om-le-festin-cateringforetag-stockholm\/#breadcrumb"},"inLanguage":"sv-SE","potentialAction":[{"@type":"ReadAction","target":["https:\/\/person22.kreativ-kod.se\/index.php\/om-le-festin-cateringforetag-stockholm\/"]}]},{"@type":"ImageObject","inLanguage":"sv-SE","@id":"https:\/\/person22.kreativ-kod.se\/index.php\/om-le-festin-cateringforetag-stockholm\/#primaryimage","url":"https:\/\/person22.kreativ-kod.se\/wp-content\/uploads\/2025\/04\/restaurant-2623071_1280-2.jpg","contentUrl":"https:\/\/person22.kreativ-kod.se\/wp-content\/uploads\/2025\/04\/restaurant-2623071_1280-2.jpg","width":1280,"height":853},{"@type":"BreadcrumbList","@id":"https:\/\/person22.kreativ-kod.se\/index.php\/om-le-festin-cateringforetag-stockholm\/#breadcrumb","itemListElement":[{"@type":"ListItem","position":1,"name":"Hem","item":"https:\/\/person22.kreativ-kod.se\/"},{"@type":"ListItem","position":2,"name":"Om oss"}]},{"@type":"WebSite","@id":"https:\/\/person22.kreativ-kod.se\/#website","url":"https:\/\/person22.kreativ-kod.se\/","name":"Le Festin - Catering","description":"Vi levererar catering i Stockholm till ditt event!","publisher":{"@id":"https:\/\/person22.kreativ-kod.se\/#organization"},"potentialAction":[{"@type":"SearchAction","target":{"@type":"EntryPoint","urlTemplate":"https:\/\/person22.kreativ-kod.se\/?s={search_term_string}"},"query-input":{"@type":"PropertyValueSpecification","valueRequired":true,"valueName":"search_term_string"}}],"inLanguage":"sv-SE"},{"@type":"Organization","@id":"https:\/\/person22.kreativ-kod.se\/#organization","name":"Le Festin - Catering","url":"https:\/\/person22.kreativ-kod.se\/","logo":{"@type":"ImageObject","inLanguage":"sv-SE","@id":"https:\/\/person22.kreativ-kod.se\/#\/schema\/logo\/image\/","url":"https:\/\/person22.kreativ-kod.se\/wp-content\/uploads\/2025\/04\/cropped-LE-FESTIN-LOGO-360px.png","contentUrl":"https:\/\/person22.kreativ-kod.se\/wp-content\/uploads\/2025\/04\/cropped-LE-FESTIN-LOGO-360px.png","width":360,"height":90,"caption":"Le Festin - Catering"},"image":{"@id":"https:\/\/person22.kreativ-kod.se\/#\/schema\/logo\/image\/"}}]}},"_links":{"self":[{"href":"https:\/\/person22.kreativ-kod.se\/index.php\/wp-json\/wp\/v2\/pages\/367","targetHints":{"allow":["GET"]}}],"collection":[{"href":"https:\/\/person22.kreativ-kod.se\/index.php\/wp-json\/wp\/v2\/pages"}],"about":[{"href":"https:\/\/person22.kreativ-kod.se\/index.php\/wp-json\/wp\/v2\/types\/page"}],"author":[{"embeddable":true,"href":"https:\/\/person22.kreativ-kod.se\/index.php\/wp-json\/wp\/v2\/users\/1"}],"replies":[{"embeddable":true,"href":"https:\/\/person22.kreativ-kod.se\/index.php\/wp-json\/wp\/v2\/comments?post=367"}],"version-history":[{"count":8,"href":"https:\/\/person22.kreativ-kod.se\/index.php\/wp-json\/wp\/v2\/pages\/367\/revisions"}],"predecessor-version":[{"id":677,"href":"https:\/\/person22.kreativ-kod.se\/index.php\/wp-json\/wp\/v2\/pages\/367\/revisions\/677"}],"wp:attachment":[{"href":"https:\/\/person22.kreativ-kod.se\/index.php\/wp-json\/wp\/v2\/media?parent=367"}],"curies":[{"name":"wp","href":"https:\/\/api.w.org\/{rel}","templated":true}]}}